{"id":209,"date":"2024-09-21T19:47:58","date_gmt":"2024-09-21T16:47:58","guid":{"rendered":"https:\/\/kepezbeyazesyaservisi.com\/?page_id=209"},"modified":"2024-12-08T23:47:40","modified_gmt":"2024-12-08T20:47:40","slug":"kepez-beyaz-esya-teknik-servisi-0553-204-74-53","status":"publish","type":"page","link":"https:\/\/kepezbeyazesyaservisi.com\/?page_id=209","title":{"rendered":"Kepez Beyaz E\u015fya Teknik Servisi 0553 204 74 53"},"content":{"rendered":"\n<p>Kepez Beyaz E\u015fya Teknik Servisi 0553 204 74 53, Antalya Kepez Buzdolab\u0131 \u00c7ama\u015f\u0131r Makinesi Klima- Kombi Tamir Bak\u0131m Servis firmas\u0131d\u0131r. \u0130lk \u00f6nce s\u00f6ylemeliyiz ki Kepez buzdolab\u0131, \u00e7ama\u015f\u0131r makinesi tamiri yani servisi \u00f6nceli\u011fimizdir. Lakin Antalya Kepez il\u00e7esinde her \u00e7e\u015fit beyaz e\u015fya tamiri, teknik bak\u0131m\u0131, tamir servisi oldu\u011fumuz unutulmamal\u0131d\u0131r. T\u00fcm elektrikli ev aletleri markalar\u0131n\u0131n tamir bak\u0131m\u0131 onar\u0131m teknik servisi hizmetini Kepez de aya\u011f\u0131n\u0131za getirmektedir. \u00c7\u00fcnk\u00fc Alo Usta Antalya Kepez. Antalya Kepez Acil Usta Servisi. Antalya Kepez Alo Montaj Ustas\u0131 gerekti\u011finde 7\/24 hizmetinizdedir. Bu y\u00fczden Kepez Beyaz E\u015fya Onar\u0131m Usta Servisi tamir veya servis ihtiyac\u0131n\u0131zda yan\u0131 ba\u015f\u0131n\u0131zdad\u0131r. Ayr\u0131ca Kepez beyaz e\u015fya tamiri teknik bak\u0131m servisi haftan\u0131n her g\u00fcn\u00fc \u00e7al\u0131\u015fmaktad\u0131r. K\u0131sacas\u0131 Kepez Kombi Klima Beyaz E\u015fya Servisi memnuniyetinize en yak\u0131n olan hizmeti verebilmektedir.<\/p>\n\n\n\n<figure class=\"wp-block-image aligncenter size-full is-resized\"><a href=\"https:\/\/www.facebook.com\/antalyakepezbeyazesyatamircisiteknikservisi\/\"><img loading=\"lazy\" decoding=\"async\" width=\"320\" height=\"189\" src=\"https:\/\/kepezbeyazesyaservisi.com\/wp-content\/uploads\/2024\/09\/Kepez-Beyaz-Esya-Teknik-Servisi-0553-204-74-53-Antalya-Kepez-ilcesinde-elektrikli-ev-aletleri-tamircisi-bakim-onarim-tamir-servis-05532047453.png\" alt=\"Kepez Beyaz E\u015fya Teknik Servisi 0553 204 74 53 Antalya Kepez Buzdolab\u0131 \u00c7ama\u015f\u0131r Makinesi Klima- Kombi Tamir Bak\u0131m Servisi,\nKepez Beyaz E\u015fya Tamircisi olarak 05532047453 telefonu ile hizmet vermektedir. Kepez buzdolab\u0131 tamiri \u00e7ama\u015f\u0131r makinesi tamir, bula\u015f\u0131k makinas\u0131 tamirci usta servisidir. Ayr\u0131ca Kepez Klima Montaj, klimalar\u0131n Kepez gaz bas\u0131m\u0131 servis ustas\u0131.\nSonu\u00e7 olarak Antalya ili Kepez b\u00f6lgesinde Beyaz E\u015fya Teknik Servisi ( 0553 204 74 53 ) Kepez Buzdolab\u0131 Kepez \u00c7ama\u015f\u0131r Makinesi Klima- Kombi Tamir Bak\u0131m Servisi 7\/24 hizmetinizdedir.\" class=\"wp-image-219\" style=\"width:610px;height:auto\" srcset=\"https:\/\/kepezbeyazesyaservisi.com\/wp-content\/uploads\/2024\/09\/Kepez-Beyaz-Esya-Teknik-Servisi-0553-204-74-53-Antalya-Kepez-ilcesinde-elektrikli-ev-aletleri-tamircisi-bakim-onarim-tamir-servis-05532047453.png 320w, https:\/\/kepezbeyazesyaservisi.com\/wp-content\/uploads\/2024\/09\/Kepez-Beyaz-Esya-Teknik-Servisi-0553-204-74-53-Antalya-Kepez-ilcesinde-elektrikli-ev-aletleri-tamircisi-bakim-onarim-tamir-servis-05532047453-300x177.png 300w\" sizes=\"auto, (max-width: 320px) 100vw, 320px\" \/><\/a><\/figure>\n\n\n\n<p>BORSA TEKN\u0130K- KEPEZ\/ANTALYA<br>M\u00dc\u015eTER\u0130 H\u0130ZMETLER\u0130 \u0130LET\u0130\u015e\u0130M TEL: 0553 204 74 53<br>KEPEZ BEYAZ E\u015eYA TEKN\u0130K SERV\u0130S\u0130 TAM\u0130R BAKIM ONARIM H\u0130ZMETLER\u0130N\u0130 KAL\u0130TE VE G\u00dcVENLE M\u00dc\u015eTER\u0130LER\u0130NE SUNMAKTADIR&#8230;<\/p>\n\n\n\n<p>Kepez Beyaz E\u015fya Servisi 0553 204 74 53 m\u00fc\u015fterileri memnuniyeti en y\u00fcksek firmalardand\u0131r. \u00c7\u00fcnk\u00fc Kepez ev aletleri tamircisi Klima Kombi Montaj DeMontaj hizmetleri en iyi servisi sunmaktad\u0131r. Ayr\u0131ca Kepez beyaz e\u015fya, K\u00fc\u00e7\u00fck Ev Aletleri, Klima, Kombi, Termosifon ar\u0131za servis usta hizmeti vermektedir.<\/p>\n\n\n\n<p>Kepez il\u00e7esindeki her marka beyaz e\u015fya tamiri netice itibari ile i\u015fimizin bir par\u00e7as\u0131d\u0131r. Bunun yan\u0131 s\u0131ra Klima ve Kombi tamiri hizmeti de dahil hizmetinizdeyiz. Antalya Kepez b\u00f6lgesinde tamirini yapt\u0131\u011f\u0131m\u0131z t\u00fcm dayan\u0131kl\u0131 ev aletleri markas\u0131 bizim i\u00e7in \u00e7ok \u00f6nemlidir. Bu y\u00fczden de Kepez il\u00e7esinde s\u00fcrekli ara\u015ft\u0131rma geli\u015ftirme (AR-GE) ekibimiz kaliteyi artt\u0131rmaktad\u0131r. B\u00f6ylece m\u00fc\u015fterilerine en kaliteli tamir servis hizmeti verebilmektedir. Dolay\u0131s\u0131 ile Kepez b\u00f6lgesinde en iyi tamir servisi firmalar\u0131 i\u00e7inde yerini al\u0131r. Sonu\u00e7ta Kepez tamir bak\u0131m onar\u0131m usta hizmeti, deneyimli ekibiyle m\u00fc\u015fterilerinin memnuniyetini her \u015feyin \u00fczerinde g\u00f6rmektedir.<\/p>\n\n\n\n<h1 class=\"wp-block-heading has-text-align-center\">Kepez Beyaz E\u015fya Teknik Servisi 0553 204 74 53 Antalya Buzdolab\u0131 \u00c7ama\u015f\u0131r Makinesi Klima- Kombi Tamir Bak\u0131m Hizmeti<\/h1>\n\n\n\n<div class=\"wp-block-media-text is-stacked-on-mobile\" style=\"grid-template-columns:52% auto\"><figure class=\"wp-block-media-text__media\"><a href=\"https:\/\/kepezbeyazesyaservisi.com\/\"><img decoding=\"async\" src=\"https:\/\/kepezbeyazesyaservisi.com\/wp-content\/uploads\/2024\/09\/Kepez-Beyaz-Esya-Teknik-Servisi-0553-204-74-53-Antalya-Kepez-Buzdolabi-Camasir-Makinesi-Klima-Kombi-Tamir-Bakim-Servisi-05532047453.png\" alt=\"\" class=\"wp-image-220 size-full\"\/><\/a><\/figure><div class=\"wp-block-media-text__content\">\n<p>Antalya Kepez Beyaz E\u015fya Teknik Servisi 0553 204 74 53,<br>\u00d6nce Kepez Beyaz E\u015fya Klima Tamir ve Montaj\u0131,<br>Kepez Beyaz E\u015fya \u00c7ama\u015f\u0131r Makinesi Ar\u0131za Tamiri ve Montaj\u0131,<br>Antalya Kepez Vestel Beyaz Tamir E\u015fya Servisi,<br>Kepez Ar\u00e7elik Yetkili Tamir Servisi,<br>Kepez \u00c7ama\u015f\u0131r Bula\u015f\u0131k Makinesi Buzdolab\u0131 Klima Tamir Servisi,<br>Antalya Kepez Ar\u00e7elik Beyaz E\u015fya Servisi,<br>Kepez Ariston Hotpoint Beyaz E\u015fya Servisi,<br>Kepez Bosch Beyaz E\u015fya Tamir Servisi,<br>Antalya Kepez Profilo Beyaz E\u015fya Usta Servisi,<br>Kepez Beko Beyaz E\u015fya Tamir Servisi,<br>Kepez LG Beyaz E\u015fya Servisi,<br>Antalya Kepez Vaillant Beyaz E\u015fya Usta Servisi,<\/p>\n<\/div><\/div>\n\n\n\n<div class=\"wp-block-media-text has-media-on-the-right is-stacked-on-mobile\" style=\"grid-template-columns:auto 46%\"><div class=\"wp-block-media-text__content\">\n<p> Ard\u0131ndan Kepez Demir D\u00f6k\u00fcm Tamirci Servisi,<br>Kepez Bosch Tamirci Servisi,<br>Antalya Kepez Ariston Hotpoint Onar\u0131m Servisi,<br>Kepez Baymak Usta Tamir Servisi,<br>Kepez Beko \u00c7ama\u015f\u0131r Makinesi Bak\u0131m Servisi,<br>Antalya Kepez Ar\u00e7elik Klima Montaj Servisi,<br>Kepez ECA Tamircisi Usta Servisleri,<br>Kepez Ferroli Usta Tamirci Servisi,<br>Antalya Kepez Protherm Onar\u0131m Servisi,<br>Kepez Vaillant Bak\u0131m Servisi,<br>Nihayet Kepez Viessmann Montaj Servisi,<\/p>\n<\/div><figure class=\"wp-block-media-text__media\"><a href=\"https:\/\/kepezbeyazesyaservisi.blogspot.com\/\"><img loading=\"lazy\" decoding=\"async\" width=\"320\" height=\"149\" src=\"https:\/\/kepezbeyazesyaservisi.com\/wp-content\/uploads\/2024\/09\/Kepez-Beyaz-Esya-Teknik-Servisi-0553-204-74-53-Kepez-Tamir-Bakim-Onarim-Montaj-Tanirci-Servis-05532047453-ANTALYA.png\" alt=\"\" class=\"wp-image-221 size-full\" srcset=\"https:\/\/kepezbeyazesyaservisi.com\/wp-content\/uploads\/2024\/09\/Kepez-Beyaz-Esya-Teknik-Servisi-0553-204-74-53-Kepez-Tamir-Bakim-Onarim-Montaj-Tanirci-Servis-05532047453-ANTALYA.png 320w, https:\/\/kepezbeyazesyaservisi.com\/wp-content\/uploads\/2024\/09\/Kepez-Beyaz-Esya-Teknik-Servisi-0553-204-74-53-Kepez-Tamir-Bakim-Onarim-Montaj-Tanirci-Servis-05532047453-ANTALYA-300x140.png 300w\" sizes=\"auto, (max-width: 320px) 100vw, 320px\" \/><\/a><\/figure><\/div>\n\n\n\n<p><a href=\"https:\/\/antalyabeyazesyateknikservis07.com\/kepez-beyaz-esya-teknik-servis-05532047453\/\">BORSA TEKN\u0130K<\/a>-KEPEZ\/ANTALYA<br>M\u00dc\u015eTER\u0130 H\u0130ZMETLER\u0130   CEP TEL : 0553 204 74 53<\/p>\n\n\n\n<p> Kepez Beyaz E\u015fya Teknik Servisi 0553 204 74 53, Antalya Kepez Buzdolab\u0131 \u00c7ama\u015f\u0131r Makinesi Klima- Kombi Tamir Bak\u0131m Servisidir. KEPEZ <a href=\"https:\/\/kepezbeyazesyaservisi.com\/\" target=\"_blank\" rel=\"noreferrer noopener\">KL\u0130MA GAZ BASIMI<\/a>. ANTALYA KEPEZ KL\u0130MA TAM\u0130R\u0130 YAPAN SERV\u0130SLER. KEPEZ KL\u0130MA TAM\u0130RC\u0130S\u0130 servis \u00fccreti fiyat\u0131 nedir gibi bir\u00e7ok  \u015feyi \u00f6\u011frenmek istediniz. KEPEZ KL\u0130MA TAM\u0130R SERV\u0130S\u0130 05532047453 yetkili telefon numaram\u0131z\u0131 araman\u0131z yeterli olacakt\u0131r. B\u00f6ylece KEPEZ KL\u0130MA TAM\u0130R\u0130, KEPEZ KL\u0130MA GAZI ve KEPEZ KL\u0130MA MONTAJI hakk\u0131nda bilgi alabilirsiniz.<\/p>\n\n\n\n<h2 class=\"wp-block-heading\">Kepez Beyaz E\u015fya Tamircisi 0553 204 74 53<\/h2>\n\n\n\n<p>ANTALYA KEPEZ BEYAZ E\u015eYA TAM\u0130R\u0130 0553 204 74 53,<br>\u0130LK \u00d6NCE KEPEZ KL\u0130MA TAM\u0130RC\u0130 0553 204 74 53,<br>KEPEZ BUZDOLABI TAM\u0130RC\u0130S\u0130 0553 204 74 53<br>ANTALYA KEPEZ DER\u0130NDONDURUCU SERV\u0130S\u0130 0553 204 74 53<br>KEPEZ BEYAZ E\u015eYA TEKN\u0130K SERV\u0130S\u0130 0553 204 74 53<br>KEPEZ \u00c7AMA\u015eIR MAK\u0130NES\u0130 TAM\u0130R SERV\u0130S\u0130 0553 204 74 53<br>ANTALYA KEPEZ BUZDOLABI TAM\u0130R\u0130 0553 204 74 53<br>KEPEZ \u00c7AMA\u015eIR MAK\u0130NES\u0130 TAM\u0130R\u0130 0553 204 74 53<br>KEPEZ BUZDOLABI TAM\u0130R 0553 204 74 53<br>ANTALYA KEPEZ \u00c7AMA\u015eIR MAK\u0130NES\u0130 TAM\u0130R USTASI 0553 204 74 53<br>KEPEZ BUZDOLABI SERV\u0130S\u0130 0553 204 74 53<br>KEPEZ BULA\u015eIK MAK\u0130NES\u0130 TEKN\u0130K SERV\u0130S\u0130 0553 204 74 53<br>ANTALYA KEPEZ BULA\u015eIK MAK\u0130NES\u0130 TAM\u0130RC\u0130S\u0130 0553 204 74 53<br>KEPEZ BULA\u015eIK MAK\u0130NES\u0130 TAM\u0130RC\u0130 0553 204 74 53<br>KEPEZ DER\u0130N DONDURUCU TAM\u0130R\u0130 0553 204 74 53<br>ANTALYA KEPEZ BULA\u015eIK MAK\u0130NES\u0130 TAM\u0130RC\u0130LER\u0130 0553 204 74 53<br>KEPEZ BEYAZ E\u015eYA TEKN\u0130K SERV\u0130S\u0130 0553 204 74 53<br>KEPEZ BULA\u015eIK MAK\u0130NES\u0130 TAM\u0130RC\u0130S\u0130 0553 204 74 53<br>ANTALYA KEPEZ BUZDOLABI TAM\u0130RC\u0130LER\u0130 0553 204 74 53<br>KEPEZ \u00c7AMA\u015eIR MAK\u0130NES\u0130 TAM\u0130RC\u0130S\u0130 0553 204 74 53<br>KEPEZ BUZDOLABI TAM\u0130RC\u0130S\u0130 0553 204 74 53<br>ANTALYA KEPEZ \u00c7AMA\u015eIR MAK\u0130NES\u0130 TAM\u0130RC\u0130LER\u0130 0553 204 74 53<br>KEPEZ BEYAZ E\u015eYA TAM\u0130RC\u0130 0553 204 74 53<br>KEPEZ \u00c7AMA\u015eIR MAK\u0130NES\u0130 TAM\u0130RC\u0130 USTALARI 0553 204 74 53<br>ANTALYA KEPEZ KL\u0130MA TEKN\u0130K TAM\u0130R 0553 204 74 53<br>KEPEZ KL\u0130MA TAM\u0130RC\u0130S\u0130 0553 204 74 53<br>KEPEZ BULA\u015eIK MAK\u0130NES\u0130 TAM\u0130R\u0130 0553 204 74 53<br>ANTALYA KEPEZ KL\u0130MA TAM\u0130RC\u0130LER\u0130 0553 204 74 53<br>KEPEZ BEYAZ E\u015eYA TAM\u0130RC\u0130LER\u0130 0553 204 74 53<br>N\u0130HAYET ANTALYA KEPEZ BEYAZ E\u015eYA TAM\u0130RC\u0130 0553 204 74 53<\/p>\n\n\n\n<h3 class=\"wp-block-heading\">KEPEZ BUZDOLABI BULA\u015eIK MAK\u0130NASI \u00c7AMA\u015eIR MAK\u0130NES\u0130 TAM\u0130RC\u0130S\u0130 KL\u0130MA MONTAJ SERV\u0130S\u0130<\/h3>\n\n\n\n<p> Kepez \u00c7AMA\u015eIR MAK\u0130NASI TAM\u0130R YAPANLAR ya da Kepez BUZDOLABI TAM\u0130R\u0130 YAPAN YERLER. Antalya Kepez \u00c7AMA\u015eIR MAK\u0130NES\u0130 TAM\u0130R\u0130 YAPANLAR yani Kepez \u00c7AMA\u015eIR MAK\u0130NES\u0130 TAM\u0130R BAKIM SERV\u0130SLER\u0130. Ard\u0131ndan Kepez BULA\u015eIK MAK\u0130NES\u0130 TAM\u0130R USTASI. Antalya Kepez BULA\u015eIK MAK\u0130NES\u0130 SERV\u0130S TAM\u0130RC\u0130S\u0130. Kepez BULA\u015eIK MAK\u0130NES\u0130 USTA SERV\u0130S\u0130. Kepez KL\u0130MA MONTAJCISI. Antalya Kepez BULA\u015eIK MAK\u0130NES\u0130 TAM\u0130RC\u0130LER\u0130 yani SERV\u0130S USTALARI olarak 7\/24 hizmet vermektedir. Bunun yan\u0131 s\u0131ra Kepez BUZDOLABI TAM\u0130R YAPANLAR ya da YAPAN YERLER. Kepez BUZDOLABI TAM\u0130RC\u0130S\u0130 ARIYORUM diyen m\u00fc\u015fterilerimiz mutlaka vard\u0131r. O halde biz Antalya Kepez ELEKTR\u0130KL\u0130 EV ALETLER\u0130 TAM\u0130RC\u0130S\u0130 yani Kepez BUZDOLABI SERV\u0130S\u0130. Ayr\u0131ca Kepez BEYAZ E\u015eYA TAM\u0130RC\u0130S\u0130 ya da Kepez BUZDOLABI TAM\u0130R TEKN\u0130K SERV\u0130S\u0130. Ek olarak  Antalya Kepez \u00c7AMA\u015eIR MAK\u0130NES\u0130 TAM\u0130R USTASI. Hatta Kepez \u00c7AMA\u015eIR MAK\u0130NES\u0130 USTA SERV\u0130S\u0130 gibi daha bir\u00e7ok alanda bizler hizmetinizdeyiz. <\/p>\n\n\n\n<p> ANTALYA KEPEZ BEYAZ E\u015eYA SERV\u0130S\u0130 0553 204 74 53 olarak hizmet verdi\u011fimiz b\u00f6lgelere \u00f6rnekler verelim. \u0130lk \u00f6nce AHATLI semti K\u00dcLT\u00dcR, FABR\u0130KALAR, SANTRAL mahalleleri. Ard\u0131ndan ALTINOVA S\u0130NAN, ORTA, D\u00dcDEN mahalleleri. Akabinde ise DOKUMA veya DURAL\u0130LER semti AVN\u0130 TOLUNAY, G\u00dcLVEREN, \u015eAFAK, \u00dcNSAL mahalleleri. Devam\u0131nda D\u00dcDENBA\u015eI G\u00d6KSU, G\u00dcNE\u015e, TEOMANPA\u015eA mahalleleri. Ayn\u0131 \u015fekilde ERENK\u00d6Y senti KAZIM KARABEK\u0130R, K\u00dcT\u00dcK\u00c7\u00dc, YAVUZSEL\u0130M mahalleleri. \u00d6rneklere devam etmek gerekirse S\u00dcT\u00c7\u00dcLER semti HAB\u0130BLER, H\u00dcSN\u00dc KARAKA\u015e, MEHMETAK\u0130F ERSOY mahalleleri. Ard\u0131ndan VARSAK semti AKTOPRAK, DEM\u0130REL, AYANO\u011eLU, ALTIAYAK, AYDO\u011eMU\u015e, GAZ\u0130LER, \u015eELALE, KAR\u015eIYAKA mahalleleri. Nihayet YEN\u0130EMEK K\u0130R\u0130\u015e\u00c7\u0130LER, ODABA\u015eI, DUACI G\u00dcNDO\u011eDU KIZILLI, K\u0130R\u0130\u015e\u00c7\u0130LER, ODABA\u015eI topyek\u00fbn hizmet b\u00f6lgelerimize \u00f6rnekler te\u015fkil etmektedir.<\/p>\n\n\n\n<p>Kepez Beyaz E\u015fya Teknik Servisi 0553 204 74 53, Antalya Kepez Buzdolab\u0131 \u00c7ama\u015f\u0131r Makinesi Klima- Kombi Tamir Bak\u0131m Servisi hizmetinizdedir.<\/p>\n\n\n\n<p class=\"has-text-align-center\">#AntalyaBeyazE\u015fyaServisi ,\u00a0#KepezBeyazE\u015fyaServisi , #VarsakBeyazE\u015fyaServisi , #Ahatl\u0131BeyazE\u015fyaServisi , #K\u00fclt\u00fcrBeyazE\u015fyaServisi , #Alt\u0131novaBeyazE\u015fyaServisi , #DokumaBeyazE\u015fyaServisi , #DuralilerBeyazE\u015fyaServisi\u00a0 #D\u00fcdenba\u015f\u0131BeyazE\u015fyaServisi , #Teomanpa\u015faBeyazE\u015fyaServisi, #Erenk\u00f6yBeyazE\u015fyaServisi , #S\u00fct\u00e7\u00fclerBeyazE\u015fyaServisi , #YeniemekBeyazE\u015fyaServisi\u00a0#kepezbeyaze\u015fyatamircisi , #kepezbeyaze\u015fyatamiri , #kepezbeyaze\u015fyatamirci , #kepezbuzdolab\u0131tamircisi , #kepez\u00e7ama\u015f\u0131rmakinesitamircisi , #kepezbula\u015f\u0131kmakinesitamircisi ,\u00a0\u00a0#kepezbeyazesyateknikservisi\u00a0<\/p>\n","protected":false},"excerpt":{"rendered":"<p>Kepez Beyaz E\u015fya Teknik Servisi 0553 204 74 53, Antalya Kepez Buzdolab\u0131 \u00c7ama\u015f\u0131r Makinesi Klima- Kombi Tamir Bak\u0131m Servis firmas\u0131d\u0131r. [&hellip;]<\/p>\n","protected":false},"author":1,"featured_media":219,"parent":0,"menu_order":0,"comment_status":"closed","ping_status":"closed","template":"","meta":{"site-sidebar-layout":"default","site-content-layout":"","ast-site-content-layout":"default","site-content-style":"default","site-sidebar-style":"default","ast-global-header-display":"","ast-banner-title-visibility":"","ast-main-header-display":"","ast-hfb-above-header-display":"","ast-hfb-below-header-display":"","ast-hfb-mobile-header-display":"","site-post-title":"","ast-breadcrumbs-content":"","ast-featured-img":"","footer-sml-layout":"","ast-disable-related-posts":"","theme-transparent-header-meta":"","adv-header-id-meta":"","stick-header-meta":"","header-above-stick-meta":"","header-main-stick-meta":"","header-below-stick-meta":"","astra-migrate-meta-layouts":"default","ast-page-background-enabled":"default","ast-page-background-meta":{"desktop":{"background-color":"var(--ast-global-color-4)","background-image":"","background-repeat":"repeat","background-position":"center center","background-size":"auto","background-attachment":"scroll","background-type":"","background-media":"","overlay-type":"","overlay-color":"","overlay-opacity":"","overlay-gradient":""},"tablet":{"background-color":"","background-image":"","background-repeat":"repeat","background-position":"center center","background-size":"auto","background-attachment":"scroll","background-type":"","background-media":"","overlay-type":"","overlay-color":"","overlay-opacity":"","overlay-gradient":""},"mobile":{"background-color":"","background-image":"","background-repeat":"repeat","background-position":"center center","background-size":"auto","background-attachment":"scroll","background-type":"","background-media":"","overlay-type":"","overlay-color":"","overlay-opacity":"","overlay-gradient":""}},"ast-content-background-meta":{"desktop":{"background-color":"var(--ast-global-color-5)","background-image":"","background-repeat":"repeat","background-position":"center center","background-size":"auto","background-attachment":"scroll","background-type":"","background-media":"","overlay-type":"","overlay-color":"","overlay-opacity":"","overlay-gradient":""},"tablet":{"background-color":"var(--ast-global-color-5)","background-image":"","background-repeat":"repeat","background-position":"center center","background-size":"auto","background-attachment":"scroll","background-type":"","background-media":"","overlay-type":"","overlay-color":"","overlay-opacity":"","overlay-gradient":""},"mobile":{"background-color":"var(--ast-global-color-5)","background-image":"","background-repeat":"repeat","background-position":"center center","background-size":"auto","background-attachment":"scroll","background-type":"","background-media":"","overlay-type":"","overlay-color":"","overlay-opacity":"","overlay-gradient":""}},"footnotes":""},"class_list":["post-209","page","type-page","status-publish","has-post-thumbnail","hentry"],"aioseo_notices":[],"_links":{"self":[{"href":"https:\/\/kepezbeyazesyaservisi.com\/index.php?rest_route=\/wp\/v2\/pages\/209","targetHints":{"allow":["GET"]}}],"collection":[{"href":"https:\/\/kepezbeyazesyaservisi.com\/index.php?rest_route=\/wp\/v2\/pages"}],"about":[{"href":"https:\/\/kepezbeyazesyaservisi.com\/index.php?rest_route=\/wp\/v2\/types\/page"}],"author":[{"embeddable":true,"href":"https:\/\/kepezbeyazesyaservisi.com\/index.php?rest_route=\/wp\/v2\/users\/1"}],"replies":[{"embeddable":true,"href":"https:\/\/kepezbeyazesyaservisi.com\/index.php?rest_route=%2Fwp%2Fv2%2Fcomments&post=209"}],"version-history":[{"count":12,"href":"https:\/\/kepezbeyazesyaservisi.com\/index.php?rest_route=\/wp\/v2\/pages\/209\/revisions"}],"predecessor-version":[{"id":224,"href":"https:\/\/kepezbeyazesyaservisi.com\/index.php?rest_route=\/wp\/v2\/pages\/209\/revisions\/224"}],"wp:featuredmedia":[{"embeddable":true,"href":"https:\/\/kepezbeyazesyaservisi.com\/index.php?rest_route=\/wp\/v2\/media\/219"}],"wp:attachment":[{"href":"https:\/\/kepezbeyazesyaservisi.com\/index.php?rest_route=%2Fwp%2Fv2%2Fmedia&parent=209"}],"curies":[{"name":"wp","href":"https:\/\/api.w.org\/{rel}","templated":true}]}}