{"id":392,"date":"2024-11-10T21:20:33","date_gmt":"2024-11-10T18:20:33","guid":{"rendered":"https:\/\/kepezbeyazesyaservisi.com\/?page_id=392"},"modified":"2024-12-13T23:40:31","modified_gmt":"2024-12-13T20:40:31","slug":"camasir-makinesi-servisi","status":"publish","type":"page","link":"https:\/\/kepezbeyazesyaservisi.com\/?page_id=392","title":{"rendered":"\u00c7ama\u015f\u0131r Makinesi Servisi"},"content":{"rendered":"\n<figure class=\"wp-block-image size-large\"><img loading=\"lazy\" decoding=\"async\" width=\"1024\" height=\"341\" src=\"https:\/\/kepezbeyazesyaservisi.com\/wp-content\/uploads\/2024\/11\/Kepez-Camasir-Makinesi-Servisi-1-1024x341.png\" alt=\" \u00c7ama\u015f\u0131r Makinesi Servisi her zaman Kepez Tamir Bak\u0131m ve Bak\u0131m\u0131nda Uzman \u00c7\u00f6z\u00fcmler sunmaktad\u0131r. Antalya Kepez \u00c7ama\u015f\u0131r Makinesi Tamircisi olarak bir\u00e7ok y\u00fck\u00fcm\u00fcz\u00fc alan elektrikli ev aletlerinden biride \u00e7ama\u015f\u0131r makinelerimizdir. Fakat \u00e7ama\u015f\u0131r makineleriniz uzun kullan\u0131mlar sonucu do\u011fal olarak ar\u0131zalanabilir. B\u00f6yle durumlarda yapman\u0131z gereken \u00e7ok basittir. \u00c7ama\u015f\u0131r makinesi tamircisi irtibat telefon 0553 204 74 53 numaras\u0131n\u0131 aramal\u0131s\u0131n\u0131z. \u00c7\u00fcnk\u00fc her marka ve model \u00e7ama\u015f\u0131r makinesi i\u00e7in Kepez\u2019de uzman tamir hizmeti sunuyoruz.\n\n Her t\u00fcrl\u00fc \u00e7ama\u015f\u0131r makinesi marka ve modelinin ar\u0131zas\u0131nda Kepez BORSA TEKN\u0130K servisi olarak bizi arayabilirsiniz. Hemen geliriz, ar\u0131zan\u0131n kayna\u011f\u0131n\u0131 belirleyip, etkili \u00e7\u00f6z\u00fcmler sunarak cihaz\u0131n\u0131z\u0131 ilk g\u00fcnk\u00fc performans\u0131na kavu\u015ftururuz. K\u0131sacas\u0131 Antalya Kepez il\u00e7esinde (Posta Kodu:07090) profesyonel ve g\u00fcvenilir \u00e7ama\u015f\u0131r makinesi tamiri i\u00e7in her zaman yan\u0131n\u0131zday\u0131z.\n\n \u00d6rne\u011fin \u00c7ama\u015f\u0131r makinesi y\u0131kama ve s\u0131kma problemi. Ard\u0131ndan elektrik ba\u011flant\u0131 noktalar\u0131nda sorunlar. Sonra a\u015f\u0131r\u0131 ses ve titre\u015fim nedeniyle yer de\u011fi\u015ftiriyor yani kendi kendine hareket ediyor. Hatta \u00f6n kapakta su s\u0131z\u0131nt\u0131lar\u0131, drenaj ve pompa sorunlar\u0131. Suyu \u0131s\u0131tmama, kap\u0131 kilit mekanizmas\u0131 ar\u0131zas\u0131. Kart veya kontrol panelinde ar\u0131zas\u0131 \u00e7\u0131kard\u0131\u011f\u0131nda hi\u00e7 endi\u015felenmeyin. \u0130lk yapman\u0131z gereken profesyonel \u00e7\u00f6z\u00fcmler sunan Kepez \u00c7ama\u015f\u0131r Makinesi Servisi TEL:05532047453 numaras\u0131n\u0131 aramakt\u0131r.\n\n \u00c7ama\u015f\u0131r Makineniz ar\u0131zalan\u0131rsa haftan\u0131n her g\u00fcn\u00fc, 7\/24, Bayram ve Resmi tatil g\u00fcnleri d\u00e2hil Kepez\u2019de kesintisiz faaliyetteyiz. Ayr\u0131ca Antalya\/Kepez uzman teknisyenlerimiz, her t\u00fcrl\u00fc \u00e7ama\u015f\u0131r makinesi sorununu h\u0131zla ve en uygun maliyetle \u00e7\u00f6z\u00fcyor.\n\n M\u00fc\u015fteri Memnuniyeti Kepez Beyaz E\u015fya Servisi \u0130\u00e7in Her \u015eeyden \u00d6nemlidir. \u00c7\u00fcnk\u00fc Kepez Beyaz e\u015fya servisi olarak edindi\u011fimiz deneyimler \u0131\u015f\u0131\u011f\u0131nda ilk s\u0131ray\u0131 daima m\u00fc\u015fteri memnuniyeti almaktad\u0131r. Bunun i\u00e7in Kepez'de en uygun servis \u00fccreti, ucuz tamir fiyat\u0131 vermekteyiz. Ek olarak bir y\u0131l garantili ve orijinal yedek par\u00e7a de\u011fi\u015fimi. Ayr\u0131ca Kepez'de 30 dakikada servis kap\u0131n\u0131zda hizmeti vermektedir.\n\n Kepez Beyaz E\u015fya Servisi: Bir\u00e7ok marka \u00c7ama\u015f\u0131r Makinelerinin Tamirinde Uzmanl\u0131k g\u00f6stermektedir. Buna Ar\u00e7elik, LG, Bosch, Siemens, Beko, Vestel, Samsung, Profilo, Seg, Altus, Ariston Hotpoint, \u0130ndesit \u00f6rnektir.\n\n Kepez \u00c7ama\u015f\u0131r Makinesi Servisi 05532047453 olarak Ahatl\u0131, Alt\u0131nova, Dokuma, Duraliler, D\u00fcdenba\u015f\u0131, Erenk\u00f6y, S\u00fct\u00e7\u00fcler, Varsak, Yeniemek hizmet b\u00f6lgelerimizdir.\" class=\"wp-image-393\" srcset=\"https:\/\/kepezbeyazesyaservisi.com\/wp-content\/uploads\/2024\/11\/Kepez-Camasir-Makinesi-Servisi-1-1024x341.png 1024w, https:\/\/kepezbeyazesyaservisi.com\/wp-content\/uploads\/2024\/11\/Kepez-Camasir-Makinesi-Servisi-1-300x100.png 300w, https:\/\/kepezbeyazesyaservisi.com\/wp-content\/uploads\/2024\/11\/Kepez-Camasir-Makinesi-Servisi-1-768x256.png 768w, https:\/\/kepezbeyazesyaservisi.com\/wp-content\/uploads\/2024\/11\/Kepez-Camasir-Makinesi-Servisi-1.png 1500w\" sizes=\"auto, (max-width: 1024px) 100vw, 1024px\" \/><\/figure>\n\n\n\n<h2 class=\"wp-block-heading\"><a href=\"https:\/\/kepezbeyazesyaservisi.com\/\">Kepez \u00c7ama\u015f\u0131r Makinesi Tamircisi<\/a><\/h2>\n\n\n\n<p>Kepez \u00c7ama\u015f\u0131r Makinesi tamircisi 05532047453 olarak en kaliteli servisi sunuyoruz.<\/p>\n\n\n\n<h2 class=\"wp-block-heading\"><strong><a href=\"https:\/\/antalyabeyazesyateknikservis07.com\/kepez-beyaz-esya-teknik-servis-05532047453\/\">\u00c7ama\u015f\u0131r Makinesi Servisi Tamirinde Kaliteli \u00c7\u00f6z\u00fcmler:<\/a> <\/strong><\/h2>\n\n\n\n<p> Ya\u015fam\u0131n\u0131z\u0131n konforunu art\u0131ran \u00e7ama\u015f\u0131r makineleri i\u00e7in Kepez Teknik Servis olarak uzman tamir hizmeti veriyoruz. \u00c7\u00fcnk\u00fc hayat\u0131 kolayla\u015ft\u0131ran bu cihazlar s\u0131k kullan\u0131m ve zaman\u0131n getirdi\u011fi a\u015f\u0131nmalar sebebiyle ar\u0131zalara yol a\u00e7abilir. \u0130\u015fte tam bu noktada, kaliteli ve h\u0131zl\u0131 Kepez Borsa Teknik servisimizle biz devreye giriyoruz. K\u0131sacas\u0131 Kepez \u00c7ama\u015f\u0131r Makinesi Tamir, Bak\u0131m ve Onar\u0131m\u0131nda Uzman \u00c7\u00f6z\u00fcmler Sunar.<\/p>\n\n\n\n<p><strong>Profesyonel ve Kaliteli \u00c7ama\u015f\u0131r Makinesi Tamiri<\/strong><\/p>\n\n\n\n<p>\u00c7ama\u015f\u0131r makineniz g\u00fczel y\u0131kam\u0131yor, s\u0131kma yaparken g\u00fcr\u00fclt\u00fc \u00e7al\u0131\u015f\u0131yor veya su s\u0131zd\u0131r\u0131yorsa endi\u015fe etmeyin. \u0130lk i\u015f Kepez Teknik Servisi olarak bizi araman\u0131z yeterlidir. \u00d6nce \u00e7ama\u015f\u0131r makinenizin ar\u0131za kayna\u011f\u0131n\u0131 tespit ediyoruz. Sonra etkili tamir \u00e7\u00f6z\u00fcmleri sunarak cihaz\u0131n\u0131z\u0131 ilk g\u00fcnk\u00fc performans\u0131na kavu\u015fturuyoruz.<\/p>\n\n\n\n<p><strong><a href=\"https:\/\/www.facebook.com\/antalyakepezbeyazesyatamircisiteknikservisi\/\" title=\"\">Her Zaman Kepez&#8217;de Yan\u0131n\u0131zday\u0131z:<\/a> 7\/24 Kesintisiz Tamir Hizmeti<\/strong><\/p>\n\n\n\n<p>Haftan\u0131n her g\u00fcn\u00fc hatta her saati ar\u0131za durumlar\u0131nda Kepez \u00c7ama\u015f\u0131r Makinesi Servisi 05532047453 yan\u0131n\u0131zdad\u0131r. Hatta Bayram G\u00fcn\u00fc, Resmi Tatillerde de Antalya\/Kepez 7\/24 A\u00e7\u0131k \u00c7ama\u015f\u0131r Makinesi tamircisi olarak faaliyetteyiz. K\u0131sacas\u0131 Uzman teknisyen kadrosuyla her t\u00fcrl\u00fc \u00e7ama\u015f\u0131r makinesi ar\u0131zas\u0131n\u0131 h\u0131zl\u0131 ve en k\u0131sa s\u00fcrede \u00e7\u00f6z\u00fcyoruz.<\/p>\n\n\n\n<h3 class=\"wp-block-heading\"><strong>\u00c7ama\u015f\u0131r Makinesi Ar\u0131zalar\u0131nda Uzman \u00c7\u00f6z\u00fcm<\/strong><\/h3>\n\n\n\n<p>\u00c7ama\u015f\u0131r makinesi genel problemlerini iyi biliyor ve bunlar i\u00e7in en etkin \u00e7\u00f6z\u00fcmleri sa\u011fl\u0131yoruz:<\/p>\n\n\n\n<ul class=\"wp-block-list\">\n<li>Y\u0131kama, durulama ve s\u0131kma problemleri<\/li>\n\n\n\n<li>Elektriksel ba\u011flant\u0131 noktalar\u0131ndaki sorunlar<\/li>\n\n\n\n<li>Y\u00fcksek sesli \u00e7al\u0131\u015fma<\/li>\n\n\n\n<li>A\u015f\u0131r\u0131 titre\u015fim<\/li>\n\n\n\n<li>Suyu veya deterjan\u0131 almama sorunlar\u0131<\/li>\n\n\n\n<li>Alttan su ak\u0131tma veya drenaj problemi<\/li>\n\n\n\n<li>Suyu \u0131s\u0131tmama veya sigorta att\u0131rma<\/li>\n\n\n\n<li>Kap\u0131 kilit mekanizmas\u0131 ar\u0131zalar\u0131<\/li>\n\n\n\n<li>Programlama, hata kodu ve kontrol paneli sorunlar\u0131<\/li>\n<\/ul>\n\n\n\n<p>Buna benzer sorunlarla kar\u015f\u0131la\u015ft\u0131\u011f\u0131n\u0131zda, profesyonel \u00e7\u00f6z\u00fcmlerimiz i\u00e7in Kepez \u00c7ama\u015f\u0131r Makinesi Servisi TEL:05532047453 ile ileti\u015fime ge\u00e7ebilirsiniz.<\/p>\n\n\n\n<p><strong>M\u00fc\u015fteri Memnuniyeti Kepez Beyaz E\u015fya Servisi \u0130\u00e7in En Y\u00fcksek \u00d6ncelik<\/strong><\/p>\n\n\n\n<p>Edindi\u011fimiz deneyimle m\u00fc\u015fteri memnuniyetini en \u00f6n s\u0131raya koyuyoruz. Hedefimiz, y\u00fcksek kalitedeki tamir servisimizle Kepez&#8217;de \u00f6nc\u00fc olmak.<\/p>\n\n\n\n<p><strong>En Uygun Fiyat ve 1 Y\u0131l Par\u00e7a Garantisi<\/strong><\/p>\n\n\n\n<p>\u0130lk \u00f6nce en uygun fiyata tamir. Ard\u0131ndan ucuz servis \u00fccreti. Sonra Kepez en yak\u0131n mesafedeki tamirci servisidir. Nihayet rekabet\u00e7i fiyatlar sa\u011flamakt\u0131r. Sonu\u00e7ta Orijinal yedek par\u00e7a ve ustal\u0131kla, en kaliteli tamir \u00e7\u00f6z\u00fcm\u00fc ihtiyaca g\u00f6re \u015fekilleniyor.<\/p>\n\n\n\n<p>Dolay\u0131s\u0131 ile ar\u0131zal\u0131 \u00e7ama\u015f\u0131r makinenizin tamiri i\u00e7in <strong>0553 204 74 53<\/strong> numaral\u0131 telefondan bizi arayabilirsiniz. B\u00f6ylece acil, g\u00fcvenilir ve en h\u0131zl\u0131 gelen servis hizmetimizden yararlanabilirsiniz. K\u0131sacas\u0131 Antalya Kepez Beyaz E\u015fya Teknik Servisi, her zaman yan\u0131n\u0131zda!<\/p>\n\n\n\n<h3 class=\"wp-block-heading\"><strong>Kepez Beyaz E\u015fya Teknik Servisi 05532047453: Tamirde Uzmanl\u0131k<\/strong><\/h3>\n\n\n\n<p>Bir\u00e7ok marka \u00e7ama\u015f\u0131r makinesi i\u00e7in tamir ve bak\u0131m hizmetleri sunmaktay\u0131z. \u00d6zetle baz\u0131 pop\u00fcler markalar\u0131m\u0131za \u00f6rnekler:<\/p>\n\n\n\n<ul class=\"wp-block-list\">\n<li>Ar\u00e7elik<\/li>\n\n\n\n<li>LG<\/li>\n\n\n\n<li>Bosch<\/li>\n\n\n\n<li>Siemens<\/li>\n\n\n\n<li>Beko<\/li>\n\n\n\n<li>Vestel<\/li>\n\n\n\n<li>Samsung<\/li>\n\n\n\n<li>Profilo<\/li>\n\n\n\n<li>Seg<\/li>\n\n\n\n<li>Altus<\/li>\n\n\n\n<li>Ariston Hotpoint<\/li>\n\n\n\n<li>\u0130ndesit<\/li>\n<\/ul>\n\n\n\n<h3 class=\"wp-block-heading\"><strong>Kepez Hizmet B\u00f6lgelerimiz<\/strong><\/h3>\n\n\n\n<p>Antalya Kepez il\u00e7esinin her k\u00f6\u015fesine \u00e7ama\u015f\u0131r makinesi servisi 05532047453 hizmetimiz ula\u015fmaktad\u0131r. K\u0131saca hizmet verdi\u011fimiz b\u00f6lgeler:<\/p>\n\n\n\n<p>Ahatl\u0131<\/p>\n\n\n\n<p>Alt\u0131nova<\/p>\n\n\n\n<p>Dokuma<\/p>\n\n\n\n<p>Duraliler<\/p>\n\n\n\n<p>D\u00fcdenba\u015f\u0131<\/p>\n\n\n\n<p>Erenk\u00f6y<\/p>\n\n\n\n<p>S\u00fct\u00e7\u00fcler<\/p>\n\n\n\n<p>Varsak<\/p>\n\n\n\n<p>Yeniemek<\/p>\n\n\n\n<p>\u00c7ama\u015f\u0131r Makinesi Servisi 05532047453, BORSA TEKN\u0130K KEPEZ Beyaz E\u015fya Tamircisi Antalya.<\/p>\n","protected":false},"excerpt":{"rendered":"<p>Kepez \u00c7ama\u015f\u0131r Makinesi Tamircisi Kepez \u00c7ama\u015f\u0131r Makinesi tamircisi 05532047453 olarak en kaliteli servisi sunuyoruz. \u00c7ama\u015f\u0131r Makinesi Servisi Tamirinde Kaliteli \u00c7\u00f6z\u00fcmler: [&hellip;]<\/p>\n","protected":false},"author":1,"featured_media":393,"parent":20,"menu_order":2,"comment_status":"closed","ping_status":"closed","template":"","meta":{"site-sidebar-layout":"default","site-content-layout":"","ast-site-content-layout":"default","site-content-style":"default","site-sidebar-style":"default","ast-global-header-display":"","ast-banner-title-visibility":"","ast-main-header-display":"","ast-hfb-above-header-display":"","ast-hfb-below-header-display":"","ast-hfb-mobile-header-display":"","site-post-title":"","ast-breadcrumbs-content":"","ast-featured-img":"","footer-sml-layout":"","ast-disable-related-posts":"","theme-transparent-header-meta":"","adv-header-id-meta":"","stick-header-meta":"","header-above-stick-meta":"","header-main-stick-meta":"","header-below-stick-meta":"","astra-migrate-meta-layouts":"default","ast-page-background-enabled":"default","ast-page-background-meta":{"desktop":{"background-color":"var(--ast-global-color-4)","background-image":"","background-repeat":"repeat","background-position":"center center","background-size":"auto","background-attachment":"scroll","background-type":"","background-media":"","overlay-type":"","overlay-color":"","overlay-opacity":"","overlay-gradient":""},"tablet":{"background-color":"","background-image":"","background-repeat":"repeat","background-position":"center center","background-size":"auto","background-attachment":"scroll","background-type":"","background-media":"","overlay-type":"","overlay-color":"","overlay-opacity":"","overlay-gradient":""},"mobile":{"background-color":"","background-image":"","background-repeat":"repeat","background-position":"center center","background-size":"auto","background-attachment":"scroll","background-type":"","background-media":"","overlay-type":"","overlay-color":"","overlay-opacity":"","overlay-gradient":""}},"ast-content-background-meta":{"desktop":{"background-color":"var(--ast-global-color-5)","background-image":"","background-repeat":"repeat","background-position":"center center","background-size":"auto","background-attachment":"scroll","background-type":"","background-media":"","overlay-type":"","overlay-color":"","overlay-opacity":"","overlay-gradient":""},"tablet":{"background-color":"var(--ast-global-color-5)","background-image":"","background-repeat":"repeat","background-position":"center center","background-size":"auto","background-attachment":"scroll","background-type":"","background-media":"","overlay-type":"","overlay-color":"","overlay-opacity":"","overlay-gradient":""},"mobile":{"background-color":"var(--ast-global-color-5)","background-image":"","background-repeat":"repeat","background-position":"center center","background-size":"auto","background-attachment":"scroll","background-type":"","background-media":"","overlay-type":"","overlay-color":"","overlay-opacity":"","overlay-gradient":""}},"footnotes":""},"class_list":["post-392","page","type-page","status-publish","has-post-thumbnail","hentry"],"aioseo_notices":[],"_links":{"self":[{"href":"https:\/\/kepezbeyazesyaservisi.com\/index.php?rest_route=\/wp\/v2\/pages\/392","targetHints":{"allow":["GET"]}}],"collection":[{"href":"https:\/\/kepezbeyazesyaservisi.com\/index.php?rest_route=\/wp\/v2\/pages"}],"about":[{"href":"https:\/\/kepezbeyazesyaservisi.com\/index.php?rest_route=\/wp\/v2\/types\/page"}],"author":[{"embeddable":true,"href":"https:\/\/kepezbeyazesyaservisi.com\/index.php?rest_route=\/wp\/v2\/users\/1"}],"replies":[{"embeddable":true,"href":"https:\/\/kepezbeyazesyaservisi.com\/index.php?rest_route=%2Fwp%2Fv2%2Fcomments&post=392"}],"version-history":[{"count":22,"href":"https:\/\/kepezbeyazesyaservisi.com\/index.php?rest_route=\/wp\/v2\/pages\/392\/revisions"}],"predecessor-version":[{"id":439,"href":"https:\/\/kepezbeyazesyaservisi.com\/index.php?rest_route=\/wp\/v2\/pages\/392\/revisions\/439"}],"up":[{"embeddable":true,"href":"https:\/\/kepezbeyazesyaservisi.com\/index.php?rest_route=\/wp\/v2\/pages\/20"}],"wp:featuredmedia":[{"embeddable":true,"href":"https:\/\/kepezbeyazesyaservisi.com\/index.php?rest_route=\/wp\/v2\/media\/393"}],"wp:attachment":[{"href":"https:\/\/kepezbeyazesyaservisi.com\/index.php?rest_route=%2Fwp%2Fv2%2Fmedia&parent=392"}],"curies":[{"name":"wp","href":"https:\/\/api.w.org\/{rel}","templated":true}]}}