{"id":452,"date":"2024-11-26T09:01:12","date_gmt":"2024-11-26T06:01:12","guid":{"rendered":"https:\/\/kepezbeyazesyaservisi.com\/?page_id=452"},"modified":"2024-12-13T23:39:30","modified_gmt":"2024-12-13T20:39:30","slug":"kepez-buzdolabi-servisi","status":"publish","type":"page","link":"https:\/\/kepezbeyazesyaservisi.com\/?page_id=452","title":{"rendered":"Kepez Buzdolab\u0131 Servisi"},"content":{"rendered":"\n<p>Kepez Buzdolab\u0131 Servisi 05532047453 olarak kaliteli tamir \u00e7\u00f6z\u00fcmleri sunuyoruz.<\/p>\n\n\n\n<figure class=\"wp-block-image size-large\"><img loading=\"lazy\" decoding=\"async\" width=\"1024\" height=\"341\" src=\"https:\/\/kepezbeyazesyaservisi.com\/wp-content\/uploads\/2024\/11\/Kepez-Buzdolabi-Servisi-1024x341.png\" alt=\"Kepez Buzdolab\u0131 Servisi olarak Kepez'de cihazlar\u0131n\u0131z\u0131n tamirinde uzman \u00e7\u00f6z\u00fcmler sunmaktay\u0131z. Kepez Beyaz E\u015fya Tamircisi olarak biliriz ki, evinizde yiyeceklerimizi en iyi saklama ortam\u0131n\u0131 Buzdolab\u0131m\u0131z sa\u011flar. Fakat Buzdolab\u0131 kap\u0131s\u0131n\u0131n a\u00e7\u0131k kalmas\u0131, y\u00fcksek voltaj, ta\u015f\u0131nma gibi sebeplerden ar\u0131zalanabilmektedir. Bu gibi durumlarda yap\u0131lmas\u0131 gereken \u00e7ok basittir. Yani hemen Kepez Buzdolab\u0131 Servisi TEL:05532047453 numaras\u0131n\u0131 aramakt\u0131r. Veyahut Kepez Buzdolab\u0131 tamiri yapan servis irtibat telefon 05532047453 numaras\u0131n\u0131 arayabilirsiniz. K\u0131sacas\u0131 Her t\u00fcrl\u00fc Buzdolab\u0131 ar\u0131zas\u0131nda KEPEZ BORSA TEKN\u0130K tamire haz\u0131rd\u0131r. Acil durumlarda 30 dakikada Kepez Buzdolab\u0131 Servisi 05532047453 her zaman yan\u0131n\u0131zdad\u0131r. Ayr\u0131ca Buzdolab\u0131n\u0131z\u0131n ar\u0131zas\u0131n\u0131n temel sebebini tespit edip, kal\u0131c\u0131 \u00e7\u00f6z\u00fcmlerle cihaz\u0131n\u0131z\u0131 ilk g\u00fcnk\u00fc performans\u0131na getirmekteyiz. K\u0131sacas\u0131 Kepez'deki uzman ve en iyi Buzdolab\u0131 tamircisi olarak her zaman yan\u0131n\u0131zday\u0131z. Buzdolab\u0131 motor yanmas\u0131, r\u00f6le termik sorunlar\u0131. Ard\u0131ndan elektriksel ba\u011flant\u0131 problemleri. Sonra motorunun \u00e7ok g\u00fcr\u00fclt\u00fcl\u00fc, y\u00fcksek sesle \u00e7al\u0131\u015fmas\u0131. Hatta Kap\u0131dan su s\u0131zd\u0131rmas\u0131, karlama, buzlama sorunlar\u0131. alt veya \u00fcst so\u011futma problemler. A\u015f\u0131r\u0131 \u0131s\u0131nma, Termik, Sigorta, \u015eartel att\u0131rmas\u0131. Kap\u0131 lasti\u011fi, m\u0131knat\u0131s, conta problemleri. Ana kart, hata kodu, G\u00f6sterge derece problemleri. Kontrol paneli, Gaz Bitmesi, ka\u00e7mas\u0131, boru t\u0131kanmas\u0131, delinmesi. Buna benzer Buzdolab\u0131 ar\u0131zalar\u0131 sizi hi\u00e7 endi\u015felendirmesin. \u00c7\u00fcnk\u00fc yap\u0131lmas\u0131 gereken tek \u015fey Kepez Buzdolab\u0131 Servisi 05532047453 telefon numaras\u0131n\u0131 aramakt\u0131r. E\u011fer Buzdolab\u0131n\u0131z pazar g\u00fcnleri ar\u0131zalan\u0131rsa unutmay\u0131n ki haftan\u0131n her g\u00fcn\u00fc, 7\/24 Kepez'de kesintisiz hizmetinizdeyiz. Hatta Bayram, Resmi tatil g\u00fcnlerinde Antalya Kepez'de a\u00e7\u0131k Buzdolab\u0131 tamiri yapan servisler i\u00e7indeyiz. M\u00fc\u015fteri Memnuniyeti Kepez Beyaz E\u015fya Servisi i\u00e7in en y\u00fcksek \u00f6neme sahiptir. \u00c7\u00fcnk\u00fc Kepez Buzdolab\u0131 Tamircisi olarak uzun y\u0131llara dayal\u0131 servis tecr\u00fcbelerimizle m\u00fc\u015fteri memnuniyeti odakl\u0131 \u00e7al\u0131\u015fmaktay\u0131z. Ayr\u0131ca Kepez b\u00f6lgesinde Buzdolab\u0131 motor tamirlerinde bir y\u0131l garantisi vermekteyiz. Ek olarak Kepez Teknik Buzdolab\u0131 tamirinde orijinal yedek par\u00e7a kullan\u0131lmaktad\u0131r. Kepez'de tamirini yapt\u0131\u011f\u0131m\u0131z en pop\u00fcler Buzdolab\u0131 markalar\u0131 Ar\u00e7elik, Beko, Bosch, Siemens, Profilo \u00f6rnek verilebiliriz. Ayr\u0131ca Kepez'de LG, Vestel, Samsung, Seg, Altus, Hoover, Ariston Hotpoint, \u0130ndesit Buzdolab\u0131 tamirini yapt\u0131\u011f\u0131m\u0131z markalardand\u0131r. Antalya\/Kepez'de: Ahatl\u0131, Alt\u0131nova, Dokuma, Erenk\u00f6y, Duraliler, D\u00fcdenba\u015f\u0131, S\u00fct\u00e7\u00fcler, Varsak, Yeniemek semtleri Kepez Buzdolab\u0131 Servisi hizmet b\u00f6lgelerdir.\" class=\"wp-image-453\" srcset=\"https:\/\/kepezbeyazesyaservisi.com\/wp-content\/uploads\/2024\/11\/Kepez-Buzdolabi-Servisi-1024x341.png 1024w, https:\/\/kepezbeyazesyaservisi.com\/wp-content\/uploads\/2024\/11\/Kepez-Buzdolabi-Servisi-300x100.png 300w, https:\/\/kepezbeyazesyaservisi.com\/wp-content\/uploads\/2024\/11\/Kepez-Buzdolabi-Servisi-768x256.png 768w, https:\/\/kepezbeyazesyaservisi.com\/wp-content\/uploads\/2024\/11\/Kepez-Buzdolabi-Servisi.png 1500w\" sizes=\"auto, (max-width: 1024px) 100vw, 1024px\" \/><\/figure>\n\n\n\n<h2 class=\"wp-block-heading\"><a href=\"https:\/\/kepezbeyazesyaservisi.com\/\">Antalya Kepez Buzdolab\u0131 Tamircisi<\/a><\/h2>\n\n\n\n<p>Kepez Beyaz E\u015fya Teknik Servis 0553 204 74 53, kaliteli \u00e7\u00f6z\u00fcmler sunan buzdolab\u0131 tamircisi.<\/p>\n\n\n\n<h2 class=\"wp-block-heading\"><a href=\"https:\/\/antalyabeyazesyateknikservis07.com\/kepez-beyaz-esya-teknik-servis-05532047453\/\">Buzdolab\u0131 Tamirinde Uzman \u00c7\u00f6z\u00fcmler<\/a><\/h2>\n\n\n\n<p> Ya\u015fam kalitemizi y\u00fckselten buzdolab\u0131 tamiri i\u00e7in Kepez Beyaz E\u015fya Teknik Servisi uzman \u00e7\u00f6z\u00fcmler sunar. Hayat\u0131m\u0131z\u0131n vazge\u00e7ilmez bir par\u00e7as\u0131 olan buzdolaplar\u0131 devaml\u0131 kullan\u0131m ve zamanla olu\u015fan a\u015f\u0131nmalarla ar\u0131zalanabilir. Bu dudumda yap\u0131lmas\u0131 gereken ilk i\u015f kaliteli ve h\u0131zl\u0131 Kepez buzdolab\u0131 tamircisi ile ileti\u015fime ge\u00e7mektir. \u00c7\u00fcnk\u00fc sizin i\u00e7in Antalya Kepez&#8217;de buzdolab\u0131 bak\u0131m, onar\u0131m ve tamiri i\u00e7in kaliteli \u00e7\u00f6z\u00fcmler sunmaktay\u0131z.<\/p>\n\n\n\n<p><strong>Uzman ve Kaliteli Buzdolab\u0131 Tamiri<\/strong>;<\/p>\n\n\n\n<p>Buzdolab\u0131 koku yap\u0131yor, g\u00fczel so\u011futmuyor. Ard\u0131ndan Motor Sesli \u00e7al\u0131\u015f\u0131yor, kap\u0131dan su s\u0131zd\u0131r\u0131yor. Veyahut buzluk az so\u011futuyor, alt k\u0131sm\u0131 hi\u00e7 so\u011futmuyor olabilir. Hatta buzdolab\u0131na elektrik gelmiyor, motordan hi\u00e7 ses \u00e7\u0131km\u0131yor, hi\u00e7 \u00e7al\u0131\u015fm\u0131yor da olabilir. Ancak Kepez buzdolab\u0131 tamircisi varken endi\u015fe etmenize gerek yok. \u00c7\u00fcnk\u00fc Kepez Beyaz E\u015fya Servisi TEL:05532047453 numaras\u0131n\u0131 buzdolab\u0131 tamiri i\u00e7in araman\u0131z yeterlidir. Kepez&#8217;de 30 dakikada hemen geliyoruz. Ard\u0131ndan Kepez&#8217;de ki buzdolab\u0131 i\u00e7in ar\u0131za tespiti yap\u0131yoruz. Sonra buzdolab\u0131 Kepez&#8217;de, yerinde tamir ederek eski performans\u0131na ula\u015ft\u0131r\u0131yoruz.<\/p>\n\n\n\n<p><strong>Kepez\u2019de Her Zaman Yan\u0131n\u0131zdaki Tamir Servisi:&nbsp;<a href=\"https:\/\/www.facebook.com\/antalyakepezbeyazesyatamircisiteknikservisi\/\">7\/24 Kesintisiz<\/a> Servis<\/strong><\/p>\n\n\n\n<p>Buzdolab\u0131 tamiri i\u00e7in Bayram, Resmi Tatil ve Pazar g\u00fcn\u00fc Kepez b\u00f6lgesinde a\u00e7\u0131k tamirci olarak haz\u0131r\u0131z. K\u0131sacas\u0131 Kepez 05532047453, Buzdolab\u0131 Tamir Servisi her g\u00fcn kesintisiz Servis hizmeti vermektedir. \u00d6zetle Kepez uzman teknisyen kadromuzla buzdolab\u0131 ar\u0131zalar\u0131n\u0131 en yak\u0131n mesafeden, hemen gelip problemlerini h\u0131zla \u00e7\u00f6z\u00fcyoruz.<\/p>\n\n\n\n<h3 class=\"wp-block-heading\"><strong>Buzdolab\u0131 Ar\u0131zalar\u0131: Profesyonel \u00c7\u00f6z\u00fcmler<\/strong><\/h3>\n\n\n\n<p>Kepez Buzdolab\u0131 Servisi genel ar\u0131zalar\u0131 \u00e7ok iyi biliyor. Sonra buzdolaplar\u0131 i\u00e7in en profesyonel ve kaliteli \u00e7\u00f6z\u00fcmler sunuyoruz:<\/p>\n\n\n\n<ul class=\"wp-block-list\">\n<li>Elektrik ba\u011flant\u0131, Ana kart s\u0131k\u0131nt\u0131s\u0131,<\/li>\n\n\n\n<li> So\u011futma, karlama, buzlama, buhar problemleri,<\/li>\n\n\n\n<li> Motor, termik r\u00f6le, Fan motoru ar\u0131zalar\u0131,<\/li>\n\n\n\n<li> A\u015f\u0131r\u0131 \u0131s\u0131nma, alt veya \u00fcst k\u0131sm\u0131n so\u011futmamas\u0131,<\/li>\n\n\n\n<li> Su damlatma, s\u0131zd\u0131rma, tahliye problemi,<\/li>\n\n\n\n<li>Rezistans, defrost tak\u0131m\u0131 ar\u0131zas\u0131,<\/li>\n\n\n\n<li>Kepez Buzdolab\u0131 gaz\u0131 ka\u00e7ma, t\u0131kanma, servisi dola\u015fma problemi,<\/li>\n\n\n\n<li> Kap\u0131 lasti\u011fi, contas\u0131, m\u0131knat\u0131s sorunlar\u0131<\/li>\n\n\n\n<li> Hata kodu, ar\u0131za kodlar\u0131 vermesi,<\/li>\n\n\n\n<li>\u00c7ok G\u00fcr\u00fclt\u00fcl\u00fc, Y\u00fcksek Sesli \u00c7al\u0131\u015fmas\u0131,<\/li>\n\n\n\n<li> Kontrol Paneli, Derece g\u00f6sterge ar\u0131zas\u0131,<\/li>\n\n\n\n<li> Termostat, Sens\u00f6r ar\u0131zas\u0131,<\/li>\n\n\n\n<li>Kompres\u00f6r yanmas\u0131, Sigorta atmas\u0131,<\/li>\n\n\n\n<li> Gaz bitmesi, azalmas\u0131, ka\u00e7mas\u0131<\/li>\n<\/ul>\n\n\n\n<p>Benzer ar\u0131za tamirinde Kepez Buzdolab\u0131 Tamir Servisi TEL:05532047453 aray\u0131n hemen gelelim.<\/p>\n\n\n\n<p><strong>Kepez Beyaz E\u015fya Servisi: \u00d6ncelik M\u00fc\u015fteri Memnuniyeti<\/strong><\/p>\n\n\n\n<p> Kepez&#8217;de buzdolab\u0131 tamirinde y\u0131llarca edindi\u011fimiz tecr\u00fcbe \u00f6nceli\u011fin m\u00fc\u015fteri memnuniyeti oldu\u011funu \u00f6\u011fretmi\u015f ve hedefimiz haline getirmi\u015ftir. Bu neden ile amac\u0131m\u0131z, g\u00fcvenilir servis anlay\u0131\u015f\u0131 ile Antalya Kepez\u2019deki en kaliteli buzdolab\u0131 servisi olmakt\u0131r.<\/p>\n\n\n\n<p><strong>Buzdolab\u0131 Tamirde En <strong>Ekonomik <\/strong>Fiyat: 1 Y\u0131l Yedek Par\u00e7a Garantisi<\/strong><\/p>\n\n\n\n<p> Hedefimiz, en uygun fiyata en kaliteli buzdolab\u0131 tamiri. Ard\u0131ndan Kepez\u2019de en ucuz servis \u00fccreti alan beyaz e\u015fya firmas\u0131. Sonra Antalya Kepez\u2019deki cana en yak\u0131n beyaz e\u015fya tamirci servis. Nihayet Kepez&#8217;de ar\u0131zal\u0131 buzdolab\u0131 veyahut beyaz e\u015fya da en ucuz fiyata, en kaliteli tamiri sa\u011flamakt\u0131r. Sonu\u00e7, garantili orijinal yedek par\u00e7a ve Kepez Borsa Teknik uzmanl\u0131\u011f\u0131yla birle\u015fen profesyonel tamir \u00e7\u00f6z\u00fcm\u00fc oluyor.<\/p>\n\n\n\n<h3 class=\"wp-block-heading\"><strong>Kepez Beyaz E\u015fya Teknik Servisi 0553 204<\/strong> <strong>74 53:&nbsp;<\/strong><a href=\"https:\/\/kepezbeyazesyaservisi.com\/?page_id=209\"><strong>Uzman <strong>Buzdolab\u0131<\/strong> Tamirci<\/strong>si<\/a><\/h3>\n\n\n\n<p>Her \u00e7e\u015fit Buzdolab\u0131 markas\u0131n\u0131n uzman tamir, bak\u0131m ve onar\u0131m hizmeti vermekteyiz. Hatta Kepez&#8217;de tamirini yapt\u0131\u011f\u0131m\u0131z pop\u00fcler markalardan baz\u0131lar\u0131:<\/p>\n\n\n\n<ol class=\"wp-block-list\">\n<li>Vestel<\/li>\n\n\n\n<li>U\u011fur<\/li>\n\n\n\n<li>Regal<\/li>\n\n\n\n<li>Finlux<\/li>\n\n\n\n<li>Electrolux<\/li>\n\n\n\n<li>Sunny<\/li>\n\n\n\n<li>Grundig<\/li>\n\n\n\n<li>AEG<\/li>\n\n\n\n<li>LG<\/li>\n\n\n\n<li>Bosch<\/li>\n\n\n\n<li>Ariston Hotpoint<\/li>\n\n\n\n<li>\u0130ndesit<\/li>\n\n\n\n<li>Beko<\/li>\n\n\n\n<li>Ar\u00e7elik<\/li>\n\n\n\n<li>Hoover<\/li>\n\n\n\n<li>Profilo<\/li>\n\n\n\n<li>Seg<\/li>\n\n\n\n<li>Altus<\/li>\n\n\n\n<li>Siemens<\/li>\n\n\n\n<li>Samsung<\/li>\n<\/ol>\n\n\n\n<p> Kepez&#8217;de Buzdolab\u0131 Servisi olarak onar\u0131m\u0131n\u0131 yapt\u0131\u011f\u0131m\u0131z di\u011fer markalar \u015funlard\u0131r. \u0130lk \u00f6nce Awox, Baseus, Bexel,<strong> <\/strong>Caso, Dijitsu, Elektromarla buzdolab\u0131 Tamiri. Ard\u0131ndan Esty, Flavel, Franke,<strong> <\/strong>Hitachi, Kleo, Leisure buzdolab\u0131 onar\u0131m\u0131. Sonra Liebherr, Lifetech, Miele, Nexon, Senox buzdolab\u0131 bak\u0131m\u0131. Nihayet Sharp, Silverline, Smeg,<strong> <\/strong>\u015eenocak, Teka, Vestfrost, Windsor tamir servis hizmeti de sunmaktay\u0131z.<\/p>\n\n\n\n<h3 class=\"wp-block-heading\"><a href=\"https:\/\/antalyabeyazesyateknikservis07.com\/kepez-beyaz-esya-teknik-servis-telefon-numaralari-tel905532047453\/\"><strong>Hizmet B\u00f6lgelerimiz<\/strong>:<\/a><\/h3>\n\n\n\n<p>Antalya\/Kepez her semt ve mahallesinde Acil Buzdolab\u0131 Tamir servisi hizmeti sunmaktay\u0131z. 0553 204 74 53 telefonundan sundu\u011fumuz Kepez Alo H\u0131zl\u0131 Servis hizmeti isterseniz hemen geliyoruz. Kepez Beyaz E\u015fya Teknik Servisi hizmet b\u00f6lgeleri:<\/p>\n\n\n\n<p>Ahatl\u0131<\/p>\n\n\n\n<p>Alt\u0131nova<\/p>\n\n\n\n<p>Duraliler<\/p>\n\n\n\n<p>Dokuma<\/p>\n\n\n\n<p>D\u00fcdenba\u015f\u0131<\/p>\n\n\n\n<p>Erenk\u00f6y<\/p>\n\n\n\n<p>S\u00fct\u00e7\u00fcler<\/p>\n\n\n\n<p>Varsak<\/p>\n\n\n\n<p>Yeniemek<\/p>\n\n\n\n<p>Buzdolab\u0131 Tamir Servisi 0553 204 74 53 BORSA TEKN\u0130K KEPEZ Beyaz E\u015fya Tamircisi sizin i\u00e7in Antalya&#8217;da.<\/p>\n","protected":false},"excerpt":{"rendered":"<p>Kepez Buzdolab\u0131 Servisi 05532047453 olarak kaliteli tamir \u00e7\u00f6z\u00fcmleri sunuyoruz. Antalya Kepez Buzdolab\u0131 Tamircisi Kepez Beyaz E\u015fya Teknik Servis 0553 204 [&hellip;]<\/p>\n","protected":false},"author":1,"featured_media":453,"parent":20,"menu_order":1,"comment_status":"closed","ping_status":"closed","template":"","meta":{"site-sidebar-layout":"default","site-content-layout":"","ast-site-content-layout":"default","site-content-style":"default","site-sidebar-style":"default","ast-global-header-display":"","ast-banner-title-visibility":"","ast-main-header-display":"","ast-hfb-above-header-display":"","ast-hfb-below-header-display":"","ast-hfb-mobile-header-display":"","site-post-title":"","ast-breadcrumbs-content":"","ast-featured-img":"","footer-sml-layout":"","ast-disable-related-posts":"","theme-transparent-header-meta":"","adv-header-id-meta":"","stick-header-meta":"","header-above-stick-meta":"","header-main-stick-meta":"","header-below-stick-meta":"","astra-migrate-meta-layouts":"default","ast-page-background-enabled":"default","ast-page-background-meta":{"desktop":{"background-color":"var(--ast-global-color-4)","background-image":"","background-repeat":"repeat","background-position":"center center","background-size":"auto","background-attachment":"scroll","background-type":"","background-media":"","overlay-type":"","overlay-color":"","overlay-opacity":"","overlay-gradient":""},"tablet":{"background-color":"","background-image":"","background-repeat":"repeat","background-position":"center center","background-size":"auto","background-attachment":"scroll","background-type":"","background-media":"","overlay-type":"","overlay-color":"","overlay-opacity":"","overlay-gradient":""},"mobile":{"background-color":"","background-image":"","background-repeat":"repeat","background-position":"center center","background-size":"auto","background-attachment":"scroll","background-type":"","background-media":"","overlay-type":"","overlay-color":"","overlay-opacity":"","overlay-gradient":""}},"ast-content-background-meta":{"desktop":{"background-color":"var(--ast-global-color-5)","background-image":"","background-repeat":"repeat","background-position":"center center","background-size":"auto","background-attachment":"scroll","background-type":"","background-media":"","overlay-type":"","overlay-color":"","overlay-opacity":"","overlay-gradient":""},"tablet":{"background-color":"var(--ast-global-color-5)","background-image":"","background-repeat":"repeat","background-position":"center center","background-size":"auto","background-attachment":"scroll","background-type":"","background-media":"","overlay-type":"","overlay-color":"","overlay-opacity":"","overlay-gradient":""},"mobile":{"background-color":"var(--ast-global-color-5)","background-image":"","background-repeat":"repeat","background-position":"center center","background-size":"auto","background-attachment":"scroll","background-type":"","background-media":"","overlay-type":"","overlay-color":"","overlay-opacity":"","overlay-gradient":""}},"footnotes":""},"class_list":["post-452","page","type-page","status-publish","has-post-thumbnail","hentry"],"aioseo_notices":[],"_links":{"self":[{"href":"https:\/\/kepezbeyazesyaservisi.com\/index.php?rest_route=\/wp\/v2\/pages\/452","targetHints":{"allow":["GET"]}}],"collection":[{"href":"https:\/\/kepezbeyazesyaservisi.com\/index.php?rest_route=\/wp\/v2\/pages"}],"about":[{"href":"https:\/\/kepezbeyazesyaservisi.com\/index.php?rest_route=\/wp\/v2\/types\/page"}],"author":[{"embeddable":true,"href":"https:\/\/kepezbeyazesyaservisi.com\/index.php?rest_route=\/wp\/v2\/users\/1"}],"replies":[{"embeddable":true,"href":"https:\/\/kepezbeyazesyaservisi.com\/index.php?rest_route=%2Fwp%2Fv2%2Fcomments&post=452"}],"version-history":[{"count":24,"href":"https:\/\/kepezbeyazesyaservisi.com\/index.php?rest_route=\/wp\/v2\/pages\/452\/revisions"}],"predecessor-version":[{"id":483,"href":"https:\/\/kepezbeyazesyaservisi.com\/index.php?rest_route=\/wp\/v2\/pages\/452\/revisions\/483"}],"up":[{"embeddable":true,"href":"https:\/\/kepezbeyazesyaservisi.com\/index.php?rest_route=\/wp\/v2\/pages\/20"}],"wp:featuredmedia":[{"embeddable":true,"href":"https:\/\/kepezbeyazesyaservisi.com\/index.php?rest_route=\/wp\/v2\/media\/453"}],"wp:attachment":[{"href":"https:\/\/kepezbeyazesyaservisi.com\/index.php?rest_route=%2Fwp%2Fv2%2Fmedia&parent=452"}],"curies":[{"name":"wp","href":"https:\/\/api.w.org\/{rel}","templated":true}]}}